{"id":280,"date":"2026-02-19T19:44:42","date_gmt":"2026-02-19T18:44:42","guid":{"rendered":"https:\/\/escale-sophrologie.fr\/?page_id=280"},"modified":"2026-02-19T19:49:20","modified_gmt":"2026-02-19T18:49:20","slug":"deontologie-et-cadre-ethique","status":"publish","type":"page","link":"https:\/\/escale-sophrologie.fr\/index.php\/deontologie-et-cadre-ethique\/","title":{"rendered":"D\u00e9ontologie et cadre \u00e9thique"},"content":{"rendered":"<p>[et_pb_section fb_built=\u00a0\u00bb1&Prime; _builder_version=\u00a0\u00bb4.27.5&Prime; _module_preset=\u00a0\u00bbdefault\u00a0\u00bb background_color=\u00a0\u00bb#fefaf6&Prime; hover_enabled=\u00a0\u00bb0&Prime; global_colors_info=\u00a0\u00bb{}\u00a0\u00bb custom_padding=\u00a0\u00bb11px||11px||false|false\u00a0\u00bb sticky_enabled=\u00a0\u00bb0&Prime;][et_pb_row _builder_version=\u00a0\u00bb4.27.5&Prime; _module_preset=\u00a0\u00bbdefault\u00a0\u00bb hover_enabled=\u00a0\u00bb0&Prime; global_colors_info=\u00a0\u00bb{}\u00a0\u00bb custom_padding=\u00a0\u00bb11px||11px||false|false\u00a0\u00bb sticky_enabled=\u00a0\u00bb0&Prime;][et_pb_column type=\u00a0\u00bb4_4&Prime; _builder_version=\u00a0\u00bb4.27.5&Prime; _module_preset=\u00a0\u00bbdefault\u00a0\u00bb global_colors_info=\u00a0\u00bb{}\u00a0\u00bb][et_pb_text _builder_version=\u00a0\u00bb4.27.5&Prime; _module_preset=\u00a0\u00bbdefault\u00a0\u00bb text_text_color=\u00a0\u00bb#d38538&Prime; text_font_size=\u00a0\u00bb29px\u00a0\u00bb text_font_size_tablet=\u00a0\u00bb29px\u00a0\u00bb text_font_size_phone=\u00a0\u00bb21px\u00a0\u00bb text_font_size_last_edited=\u00a0\u00bbon|phone\u00a0\u00bb global_colors_info=\u00a0\u00bb{}\u00a0\u00bb]<\/p>\n<p><strong>Un accompagnement professionnel, respectueux et s\u00e9curis\u00e9<\/strong><\/p>\n<p>[\/et_pb_text][et_pb_text _builder_version=\u00a0\u00bb4.27.5&Prime; _module_preset=\u00a0\u00bbdefault\u00a0\u00bb hover_enabled=\u00a0\u00bb0&Prime; global_colors_info=\u00a0\u00bb{}\u00a0\u00bb custom_margin=\u00a0\u00bb-15px||||false|false\u00a0\u00bb sticky_enabled=\u00a0\u00bb0&Prime;]<\/p>\n<p style=\"text-align: justify;\">En tant que <strong>sophrologue professionnelle<\/strong>, j\u2019exerce dans le respect d\u2019un <strong>cadre d\u00e9ontologique clair et exigeant<\/strong>, tel qu\u2019il est enseign\u00e9 au <strong>Centre de Formation des Sophrologues Professionnels (CFSP)<\/strong>.<\/p>\n<p style=\"text-align: justify;\">Ce cadre \u00e9thique garantit un accompagnement <strong>s\u00e9rieux, respectueux et s\u00e9curis\u00e9<\/strong>, au service de votre mieux-\u00eatre, dans le respect de votre personne, de votre libert\u00e9 et de vos choix.<\/p>\n<p>[\/et_pb_text][\/et_pb_column][\/et_pb_row][\/et_pb_section][et_pb_section fb_built=\u00a0\u00bb1&Prime; theme_builder_area=\u00a0\u00bbpost_content\u00a0\u00bb _builder_version=\u00a0\u00bb4.27.5&Prime; _module_preset=\u00a0\u00bbdefault\u00a0\u00bb custom_padding=\u00a0\u00bb11px||11px||false|false\u00a0\u00bb hover_enabled=\u00a0\u00bb0&Prime; sticky_enabled=\u00a0\u00bb0&Prime;][et_pb_row _builder_version=\u00a0\u00bb4.27.5&Prime; _module_preset=\u00a0\u00bbdefault\u00a0\u00bb theme_builder_area=\u00a0\u00bbpost_content\u00a0\u00bb custom_padding=\u00a0\u00bb11px||11px||false|false\u00a0\u00bb hover_enabled=\u00a0\u00bb0&Prime; sticky_enabled=\u00a0\u00bb0&Prime;][et_pb_column _builder_version=\u00a0\u00bb4.27.5&Prime; _module_preset=\u00a0\u00bbdefault\u00a0\u00bb type=\u00a0\u00bb4_4&Prime; theme_builder_area=\u00a0\u00bbpost_content\u00a0\u00bb][et_pb_text _builder_version=\u00a0\u00bb4.27.5&Prime; _module_preset=\u00a0\u00bbdefault\u00a0\u00bb text_text_color=\u00a0\u00bb#d38538&Prime; text_font_size=\u00a0\u00bb29px\u00a0\u00bb text_font_size_tablet=\u00a0\u00bb29px\u00a0\u00bb text_font_size_phone=\u00a0\u00bb21px\u00a0\u00bb text_font_size_last_edited=\u00a0\u00bbon|phone\u00a0\u00bb global_colors_info=\u00a0\u00bb{}\u00a0\u00bb theme_builder_area=\u00a0\u00bbpost_content\u00a0\u00bb]<\/p>\n<p><strong>Respect de la personne et de sa dignit\u00e9<\/strong><\/p>\n<p>[\/et_pb_text][et_pb_text _builder_version=\u00a0\u00bb4.27.5&Prime; _module_preset=\u00a0\u00bbdefault\u00a0\u00bb hover_enabled=\u00a0\u00bb0&Prime; global_colors_info=\u00a0\u00bb{}\u00a0\u00bb theme_builder_area=\u00a0\u00bbpost_content\u00a0\u00bb custom_margin=\u00a0\u00bb-15px||||false|false\u00a0\u00bb sticky_enabled=\u00a0\u00bb0&Prime;]<\/p>\n<p style=\"text-align: justify;\">Chaque personne est accueillie <strong>telle qu\u2019elle est<\/strong>, sans jugement ni discrimination.<\/p>\n<p style=\"text-align: justify;\">Sont pleinement respect\u00e9s :<\/p>\n<ul style=\"text-align: justify;\">\n<li>l\u2019\u00e2ge, le genre, l\u2019origine et la situation sociale,<\/li>\n<li>les convictions personnelles, philosophiques ou religieuses,<\/li>\n<li>l\u2019histoire, le v\u00e9cu et la sensibilit\u00e9 de chacun.<\/li>\n<\/ul>\n<p style=\"text-align: justify;\">La relation d\u2019accompagnement repose sur le <strong>respect<\/strong>, la <strong>bienveillance<\/strong> et une <strong>\u00e9coute attentive<\/strong>, dans un climat de confiance propice \u00e0 l\u2019expression.<\/p>\n<p>[\/et_pb_text][\/et_pb_column][\/et_pb_row][\/et_pb_section][et_pb_section fb_built=\u00a0\u00bb1&Prime; theme_builder_area=\u00a0\u00bbpost_content\u00a0\u00bb _builder_version=\u00a0\u00bb4.27.5&Prime; _module_preset=\u00a0\u00bbdefault\u00a0\u00bb background_color=\u00a0\u00bb#fefaf6&Prime; hover_enabled=\u00a0\u00bb0&Prime; sticky_enabled=\u00a0\u00bb0&Prime; custom_padding=\u00a0\u00bb11px||11px||false|false\u00a0\u00bb][et_pb_row _builder_version=\u00a0\u00bb4.27.5&Prime; _module_preset=\u00a0\u00bbdefault\u00a0\u00bb theme_builder_area=\u00a0\u00bbpost_content\u00a0\u00bb custom_padding=\u00a0\u00bb11px||11px||false|false\u00a0\u00bb hover_enabled=\u00a0\u00bb0&Prime; sticky_enabled=\u00a0\u00bb0&Prime;][et_pb_column _builder_version=\u00a0\u00bb4.27.5&Prime; _module_preset=\u00a0\u00bbdefault\u00a0\u00bb type=\u00a0\u00bb4_4&Prime; theme_builder_area=\u00a0\u00bbpost_content\u00a0\u00bb][et_pb_text _builder_version=\u00a0\u00bb4.27.5&Prime; _module_preset=\u00a0\u00bbdefault\u00a0\u00bb text_text_color=\u00a0\u00bb#d38538&Prime; text_font_size=\u00a0\u00bb29px\u00a0\u00bb text_font_size_tablet=\u00a0\u00bb29px\u00a0\u00bb text_font_size_phone=\u00a0\u00bb21px\u00a0\u00bb text_font_size_last_edited=\u00a0\u00bbon|phone\u00a0\u00bb global_colors_info=\u00a0\u00bb{}\u00a0\u00bb theme_builder_area=\u00a0\u00bbpost_content\u00a0\u00bb]<\/p>\n<p><strong>Confidentialit\u00e9 et secret professionnel<\/strong><\/p>\n<p>[\/et_pb_text][et_pb_text _builder_version=\u00a0\u00bb4.27.5&Prime; _module_preset=\u00a0\u00bbdefault\u00a0\u00bb hover_enabled=\u00a0\u00bb0&Prime; global_colors_info=\u00a0\u00bb{}\u00a0\u00bb theme_builder_area=\u00a0\u00bbpost_content\u00a0\u00bb custom_margin=\u00a0\u00bb-15px||||false|false\u00a0\u00bb sticky_enabled=\u00a0\u00bb0&Prime;]<\/p>\n<p style=\"text-align: justify;\">Tout ce qui est partag\u00e9 au cours des s\u00e9ances est <strong>strictement confidentiel<\/strong>.<\/p>\n<p style=\"text-align: justify;\">Je m\u2019engage \u00e0 :<\/p>\n<ul style=\"text-align: justify;\">\n<li>pr\u00e9server votre vie priv\u00e9e,<\/li>\n<li>ne jamais divulguer les informations \u00e9chang\u00e9es,<\/li>\n<li>prot\u00e9ger les donn\u00e9es vous concernant, dans le respect du cadre l\u00e9gal.<\/li>\n<\/ul>\n<p style=\"text-align: justify;\">La s\u00e9ance de sophrologie est un <strong>espace s\u00e9curis\u00e9<\/strong>, dans lequel vous pouvez vous exprimer librement, en toute confiance.<\/p>\n<p>[\/et_pb_text][\/et_pb_column][\/et_pb_row][\/et_pb_section][et_pb_section fb_built=\u00a0\u00bb1&Prime; theme_builder_area=\u00a0\u00bbpost_content\u00a0\u00bb _builder_version=\u00a0\u00bb4.27.5&Prime; _module_preset=\u00a0\u00bbdefault\u00a0\u00bb custom_padding=\u00a0\u00bb11px||11px||false|false\u00a0\u00bb hover_enabled=\u00a0\u00bb0&Prime; sticky_enabled=\u00a0\u00bb0&Prime;][et_pb_row _builder_version=\u00a0\u00bb4.27.5&Prime; _module_preset=\u00a0\u00bbdefault\u00a0\u00bb theme_builder_area=\u00a0\u00bbpost_content\u00a0\u00bb custom_padding=\u00a0\u00bb11px||11px||false|false\u00a0\u00bb hover_enabled=\u00a0\u00bb0&Prime; sticky_enabled=\u00a0\u00bb0&Prime;][et_pb_column _builder_version=\u00a0\u00bb4.27.5&Prime; _module_preset=\u00a0\u00bbdefault\u00a0\u00bb type=\u00a0\u00bb4_4&Prime; theme_builder_area=\u00a0\u00bbpost_content\u00a0\u00bb][et_pb_text _builder_version=\u00a0\u00bb4.27.5&Prime; _module_preset=\u00a0\u00bbdefault\u00a0\u00bb text_text_color=\u00a0\u00bb#d38538&Prime; text_font_size=\u00a0\u00bb29px\u00a0\u00bb text_font_size_tablet=\u00a0\u00bb29px\u00a0\u00bb text_font_size_phone=\u00a0\u00bb21px\u00a0\u00bb text_font_size_last_edited=\u00a0\u00bbon|phone\u00a0\u00bb global_colors_info=\u00a0\u00bb{}\u00a0\u00bb theme_builder_area=\u00a0\u00bbpost_content\u00a0\u00bb]<\/p>\n<p><strong>Comp\u00e9tence, responsabilit\u00e9 et limites d\u2019intervention<\/strong><\/p>\n<p>[\/et_pb_text][et_pb_text _builder_version=\u00a0\u00bb4.27.5&Prime; _module_preset=\u00a0\u00bbdefault\u00a0\u00bb hover_enabled=\u00a0\u00bb0&Prime; global_colors_info=\u00a0\u00bb{}\u00a0\u00bb theme_builder_area=\u00a0\u00bbpost_content\u00a0\u00bb custom_margin=\u00a0\u00bb-15px||||false|false\u00a0\u00bb sticky_enabled=\u00a0\u00bb0&Prime;]<\/p>\n<p style=\"text-align: justify;\">Je pratique la sophrologie <strong>dans le cadre strict de mes comp\u00e9tences de sophrologue<\/strong>, et non comme m\u00e9decin, psychologue ou psychiatre.<\/p>\n<p style=\"text-align: justify;\">Concr\u00e8tement :<\/p>\n<ul style=\"text-align: justify;\">\n<li>la sophrologie ne se substitue jamais \u00e0 un suivi m\u00e9dical ou psychologique,<\/li>\n<li>je ne pose aucun diagnostic et ne modifie aucun traitement,<\/li>\n<li>si votre situation le n\u00e9cessite, je vous invite \u00e0 consulter un professionnel de sant\u00e9 comp\u00e9tent.<\/li>\n<\/ul>\n<p style=\"text-align: justify;\">Dans une d\u00e9marche responsable, je m\u2019engage \u00e9galement \u00e0 <strong>actualiser r\u00e9guli\u00e8rement mes connaissances<\/strong> et \u00e0 maintenir une pratique de qualit\u00e9, en coh\u00e9rence avec les exigences professionnelles du CFSP.<\/p>\n<p>[\/et_pb_text][\/et_pb_column][\/et_pb_row][\/et_pb_section][et_pb_section fb_built=\u00a0\u00bb1&Prime; theme_builder_area=\u00a0\u00bbpost_content\u00a0\u00bb _builder_version=\u00a0\u00bb4.27.5&Prime; _module_preset=\u00a0\u00bbdefault\u00a0\u00bb background_color=\u00a0\u00bb#fefaf6&Prime; hover_enabled=\u00a0\u00bb0&Prime; sticky_enabled=\u00a0\u00bb0&Prime; custom_padding=\u00a0\u00bb11px||11px||false|false\u00a0\u00bb][et_pb_row _builder_version=\u00a0\u00bb4.27.5&Prime; _module_preset=\u00a0\u00bbdefault\u00a0\u00bb theme_builder_area=\u00a0\u00bbpost_content\u00a0\u00bb custom_padding=\u00a0\u00bb11px||11px||false|false\u00a0\u00bb hover_enabled=\u00a0\u00bb0&Prime; sticky_enabled=\u00a0\u00bb0&Prime;][et_pb_column _builder_version=\u00a0\u00bb4.27.5&Prime; _module_preset=\u00a0\u00bbdefault\u00a0\u00bb type=\u00a0\u00bb4_4&Prime; theme_builder_area=\u00a0\u00bbpost_content\u00a0\u00bb][et_pb_text _builder_version=\u00a0\u00bb4.27.5&Prime; _module_preset=\u00a0\u00bbdefault\u00a0\u00bb text_text_color=\u00a0\u00bb#d38538&Prime; text_font_size=\u00a0\u00bb29px\u00a0\u00bb text_font_size_tablet=\u00a0\u00bb29px\u00a0\u00bb text_font_size_phone=\u00a0\u00bb21px\u00a0\u00bb text_font_size_last_edited=\u00a0\u00bbon|phone\u00a0\u00bb global_colors_info=\u00a0\u00bb{}\u00a0\u00bb theme_builder_area=\u00a0\u00bbpost_content\u00a0\u00bb]<\/p>\n<p><strong>Transparence et clart\u00e9 du cadre<\/strong><\/p>\n<p>[\/et_pb_text][et_pb_text _builder_version=\u00a0\u00bb4.27.5&Prime; _module_preset=\u00a0\u00bbdefault\u00a0\u00bb hover_enabled=\u00a0\u00bb0&Prime; global_colors_info=\u00a0\u00bb{}\u00a0\u00bb theme_builder_area=\u00a0\u00bbpost_content\u00a0\u00bb custom_margin=\u00a0\u00bb-15px||||false|false\u00a0\u00bb sticky_enabled=\u00a0\u00bb0&Prime;]<\/p>\n<p style=\"text-align: justify;\">La transparence fait partie int\u00e9grante de ma d\u00e9ontologie.<\/p>\n<p style=\"text-align: justify;\">Avant ou lors de l\u2019accompagnement, je veille \u00e0 vous informer clairement sur :<\/p>\n<ul style=\"text-align: justify;\">\n<li>ce qu\u2019est (et ce que n\u2019est pas) la sophrologie,<\/li>\n<li>la nature et les limites de mon intervention,<\/li>\n<li>le d\u00e9roulement des s\u00e9ances (dur\u00e9e, fr\u00e9quence, contenu),<\/li>\n<li>les tarifs et les conditions d\u2019annulation.<\/li>\n<\/ul>\n<p style=\"text-align: justify;\">Aucune promesse de \u00ab r\u00e9sultat miracle \u00bb n\u2019est faite.<br \/>La sophrologie est une <strong>m\u00e9thode d\u2019accompagnement<\/strong>, un cheminement progressif, dans lequel chacun avance \u00e0 son rythme.<\/p>\n<p>[\/et_pb_text][\/et_pb_column][\/et_pb_row][\/et_pb_section][et_pb_section fb_built=\u00a0\u00bb1&Prime; theme_builder_area=\u00a0\u00bbpost_content\u00a0\u00bb _builder_version=\u00a0\u00bb4.27.5&Prime; _module_preset=\u00a0\u00bbdefault\u00a0\u00bb custom_padding=\u00a0\u00bb11px||11px||false|false\u00a0\u00bb hover_enabled=\u00a0\u00bb0&Prime; sticky_enabled=\u00a0\u00bb0&Prime;][et_pb_row _builder_version=\u00a0\u00bb4.27.5&Prime; _module_preset=\u00a0\u00bbdefault\u00a0\u00bb theme_builder_area=\u00a0\u00bbpost_content\u00a0\u00bb custom_padding=\u00a0\u00bb11px||11px||false|false\u00a0\u00bb hover_enabled=\u00a0\u00bb0&Prime; sticky_enabled=\u00a0\u00bb0&Prime;][et_pb_column _builder_version=\u00a0\u00bb4.27.5&Prime; _module_preset=\u00a0\u00bbdefault\u00a0\u00bb type=\u00a0\u00bb4_4&Prime; theme_builder_area=\u00a0\u00bbpost_content\u00a0\u00bb][et_pb_text _builder_version=\u00a0\u00bb4.27.5&Prime; _module_preset=\u00a0\u00bbdefault\u00a0\u00bb text_text_color=\u00a0\u00bb#d38538&Prime; text_font_size=\u00a0\u00bb29px\u00a0\u00bb text_font_size_tablet=\u00a0\u00bb29px\u00a0\u00bb text_font_size_phone=\u00a0\u00bb21px\u00a0\u00bb text_font_size_last_edited=\u00a0\u00bbon|phone\u00a0\u00bb global_colors_info=\u00a0\u00bb{}\u00a0\u00bb theme_builder_area=\u00a0\u00bbpost_content\u00a0\u00bb]<\/p>\n<p><strong>Neutralit\u00e9, ind\u00e9pendance et absence de pros\u00e9lytisme<\/strong><\/p>\n<p>[\/et_pb_text][et_pb_text _builder_version=\u00a0\u00bb4.27.5&Prime; _module_preset=\u00a0\u00bbdefault\u00a0\u00bb hover_enabled=\u00a0\u00bb0&Prime; global_colors_info=\u00a0\u00bb{}\u00a0\u00bb theme_builder_area=\u00a0\u00bbpost_content\u00a0\u00bb custom_margin=\u00a0\u00bb-15px||||false|false\u00a0\u00bb sticky_enabled=\u00a0\u00bb0&Prime;]<\/p>\n<p style=\"text-align: justify;\">Je m\u2019engage \u00e0 adopter une <strong>posture neutre et professionnelle<\/strong> :<\/p>\n<ul style=\"text-align: justify;\">\n<li>sans pros\u00e9lytisme religieux, politique ou id\u00e9ologique,<\/li>\n<li>sans influence ni pression sur vos choix personnels,<\/li>\n<li>sans abus de position ou cr\u00e9ation de d\u00e9pendance.<\/li>\n<\/ul>\n<p style=\"text-align: justify;\">Votre <strong>libert\u00e9 de pens\u00e9e, de d\u00e9cision et de consentement<\/strong> est au c\u0153ur de l\u2019accompagnement.<\/p>\n<p>[\/et_pb_text][\/et_pb_column][\/et_pb_row][\/et_pb_section][et_pb_section fb_built=\u00a0\u00bb1&Prime; theme_builder_area=\u00a0\u00bbpost_content\u00a0\u00bb _builder_version=\u00a0\u00bb4.27.5&Prime; _module_preset=\u00a0\u00bbdefault\u00a0\u00bb background_color=\u00a0\u00bb#fefaf6&Prime; hover_enabled=\u00a0\u00bb0&Prime; sticky_enabled=\u00a0\u00bb0&Prime; custom_padding=\u00a0\u00bb11px||11px||false|false\u00a0\u00bb][et_pb_row _builder_version=\u00a0\u00bb4.27.5&Prime; _module_preset=\u00a0\u00bbdefault\u00a0\u00bb theme_builder_area=\u00a0\u00bbpost_content\u00a0\u00bb custom_padding=\u00a0\u00bb11px||11px||false|false\u00a0\u00bb hover_enabled=\u00a0\u00bb0&Prime; sticky_enabled=\u00a0\u00bb0&Prime;][et_pb_column _builder_version=\u00a0\u00bb4.27.5&Prime; _module_preset=\u00a0\u00bbdefault\u00a0\u00bb type=\u00a0\u00bb4_4&Prime; theme_builder_area=\u00a0\u00bbpost_content\u00a0\u00bb][et_pb_text _builder_version=\u00a0\u00bb4.27.5&Prime; _module_preset=\u00a0\u00bbdefault\u00a0\u00bb text_text_color=\u00a0\u00bb#d38538&Prime; text_font_size=\u00a0\u00bb29px\u00a0\u00bb text_font_size_tablet=\u00a0\u00bb29px\u00a0\u00bb text_font_size_phone=\u00a0\u00bb21px\u00a0\u00bb text_font_size_last_edited=\u00a0\u00bbon|phone\u00a0\u00bb global_colors_info=\u00a0\u00bb{}\u00a0\u00bb theme_builder_area=\u00a0\u00bbpost_content\u00a0\u00bb]<\/p>\n<p><strong>\u00c9thique relationnelle et collaboration professionnelle<\/strong><\/p>\n<p>[\/et_pb_text][et_pb_text _builder_version=\u00a0\u00bb4.27.5&Prime; _module_preset=\u00a0\u00bbdefault\u00a0\u00bb hover_enabled=\u00a0\u00bb0&Prime; global_colors_info=\u00a0\u00bb{}\u00a0\u00bb theme_builder_area=\u00a0\u00bbpost_content\u00a0\u00bb custom_margin=\u00a0\u00bb-15px||||false|false\u00a0\u00bb sticky_enabled=\u00a0\u00bb0&Prime;]<\/p>\n<p style=\"text-align: justify;\">La relation d\u2019accompagnement repose sur :<\/p>\n<ul style=\"text-align: justify;\">\n<li>le respect mutuel,<\/li>\n<li>l\u2019\u00e9coute et le dialogue,<\/li>\n<li>la possibilit\u00e9 pour vous de questionner, d\u2019ajuster ou de mettre fin \u00e0 l\u2019accompagnement \u00e0 tout moment.<\/li>\n<\/ul>\n<p style=\"text-align: justify;\">Lorsque cela est pertinent et avec votre accord, je m\u2019inscris dans une <strong>d\u00e9marche de collaboration \u00e9thique<\/strong> avec d\u2019autres professionnels (m\u00e9decins, psychologues, param\u00e9dicaux\u2026), dans l\u2019int\u00e9r\u00eat de votre accompagnement.<\/p>\n<p>[\/et_pb_text][\/et_pb_column][\/et_pb_row][\/et_pb_section][et_pb_section fb_built=\u00a0\u00bb1&Prime; theme_builder_area=\u00a0\u00bbpost_content\u00a0\u00bb _builder_version=\u00a0\u00bb4.27.5&Prime; _module_preset=\u00a0\u00bbdefault\u00a0\u00bb custom_padding=\u00a0\u00bb11px||11px||false|false\u00a0\u00bb hover_enabled=\u00a0\u00bb0&Prime; sticky_enabled=\u00a0\u00bb0&Prime;][et_pb_row _builder_version=\u00a0\u00bb4.27.5&Prime; _module_preset=\u00a0\u00bbdefault\u00a0\u00bb theme_builder_area=\u00a0\u00bbpost_content\u00a0\u00bb custom_padding=\u00a0\u00bb11px||11px||false|false\u00a0\u00bb hover_enabled=\u00a0\u00bb0&Prime; sticky_enabled=\u00a0\u00bb0&Prime;][et_pb_column _builder_version=\u00a0\u00bb4.27.5&Prime; _module_preset=\u00a0\u00bbdefault\u00a0\u00bb type=\u00a0\u00bb4_4&Prime; theme_builder_area=\u00a0\u00bbpost_content\u00a0\u00bb][et_pb_text _builder_version=\u00a0\u00bb4.27.5&Prime; _module_preset=\u00a0\u00bbdefault\u00a0\u00bb text_text_color=\u00a0\u00bb#d38538&Prime; text_font_size=\u00a0\u00bb29px\u00a0\u00bb text_font_size_tablet=\u00a0\u00bb29px\u00a0\u00bb text_font_size_phone=\u00a0\u00bb21px\u00a0\u00bb text_font_size_last_edited=\u00a0\u00bbon|phone\u00a0\u00bb global_colors_info=\u00a0\u00bb{}\u00a0\u00bb theme_builder_area=\u00a0\u00bbpost_content\u00a0\u00bb]<\/p>\n<p><strong>\u2705 En r\u00e9sum\u00e9 : mes engagements d\u00e9ontologiques<\/strong><\/p>\n<p>[\/et_pb_text][et_pb_text _builder_version=\u00a0\u00bb4.27.5&Prime; _module_preset=\u00a0\u00bbdefault\u00a0\u00bb hover_enabled=\u00a0\u00bb0&Prime; global_colors_info=\u00a0\u00bb{}\u00a0\u00bb theme_builder_area=\u00a0\u00bbpost_content\u00a0\u00bb custom_margin=\u00a0\u00bb-15px||||false|false\u00a0\u00bb sticky_enabled=\u00a0\u00bb0&Prime;]<\/p>\n<p style=\"text-align: justify;\">Ma pratique repose sur des principes essentiels :<\/p>\n<ul style=\"text-align: justify;\">\n<li>respect de la personne et de sa dignit\u00e9,<\/li>\n<li>confidentialit\u00e9 et secret professionnel,<\/li>\n<li>comp\u00e9tence et connaissance de mes limites,<\/li>\n<li>transparence du cadre et des tarifs,<\/li>\n<li>neutralit\u00e9 et ind\u00e9pendance,<\/li>\n<li>engagement \u00e9thique et formation continue.<\/li>\n<\/ul>\n<p style=\"text-align: justify;\">Ce cadre vous garantit un accompagnement <strong>humain, s\u00e9rieux et s\u00e9curis\u00e9<\/strong>, pour avancer en confiance sur votre chemin de mieux-\u00eatre.<\/p>\n<p>[\/et_pb_text][\/et_pb_column][\/et_pb_row][\/et_pb_section]<\/p>\n","protected":false},"excerpt":{"rendered":"<p>Un accompagnement professionnel, respectueux et s\u00e9curis\u00e9En tant que sophrologue professionnelle, j\u2019exerce dans le respect d\u2019un cadre d\u00e9ontologique clair et exigeant, tel qu\u2019il est enseign\u00e9 au Centre de Formation des Sophrologues Professionnels (CFSP). Ce cadre \u00e9thique garantit un accompagnement s\u00e9rieux, respectueux et s\u00e9curis\u00e9, au service de votre mieux-\u00eatre, dans le respect de votre personne, de votre [&hellip;]<\/p>\n","protected":false},"author":1,"featured_media":0,"parent":0,"menu_order":0,"comment_status":"closed","ping_status":"closed","template":"","meta":{"_et_pb_use_builder":"on","_et_pb_old_content":"","_et_gb_content_width":"","footnotes":""},"class_list":["post-280","page","type-page","status-publish","hentry"],"_links":{"self":[{"href":"https:\/\/escale-sophrologie.fr\/index.php\/wp-json\/wp\/v2\/pages\/280","targetHints":{"allow":["GET"]}}],"collection":[{"href":"https:\/\/escale-sophrologie.fr\/index.php\/wp-json\/wp\/v2\/pages"}],"about":[{"href":"https:\/\/escale-sophrologie.fr\/index.php\/wp-json\/wp\/v2\/types\/page"}],"author":[{"embeddable":true,"href":"https:\/\/escale-sophrologie.fr\/index.php\/wp-json\/wp\/v2\/users\/1"}],"replies":[{"embeddable":true,"href":"https:\/\/escale-sophrologie.fr\/index.php\/wp-json\/wp\/v2\/comments?post=280"}],"version-history":[{"count":5,"href":"https:\/\/escale-sophrologie.fr\/index.php\/wp-json\/wp\/v2\/pages\/280\/revisions"}],"predecessor-version":[{"id":345,"href":"https:\/\/escale-sophrologie.fr\/index.php\/wp-json\/wp\/v2\/pages\/280\/revisions\/345"}],"wp:attachment":[{"href":"https:\/\/escale-sophrologie.fr\/index.php\/wp-json\/wp\/v2\/media?parent=280"}],"curies":[{"name":"wp","href":"https:\/\/api.w.org\/{rel}","templated":true}]}}