{"id":240,"date":"2026-02-20T12:25:43","date_gmt":"2026-02-20T11:25:43","guid":{"rendered":"https:\/\/escale-sophrologie.fr\/?page_id=240"},"modified":"2026-02-20T16:27:51","modified_gmt":"2026-02-20T15:27:51","slug":"qui-suis-je","status":"publish","type":"page","link":"https:\/\/escale-sophrologie.fr\/index.php\/qui-suis-je\/","title":{"rendered":"Qui suis-je ?"},"content":{"rendered":"<p>[et_pb_section fb_built=\u00a0\u00bb1&Prime; _builder_version=\u00a0\u00bb4.27.5&Prime; _module_preset=\u00a0\u00bbdefault\u00a0\u00bb background_color=\u00a0\u00bb#fefaf6&Prime; custom_padding=\u00a0\u00bb11px||11px||false|false\u00a0\u00bb global_colors_info=\u00a0\u00bb{}\u00a0\u00bb][et_pb_row _builder_version=\u00a0\u00bb4.27.5&Prime; _module_preset=\u00a0\u00bbdefault\u00a0\u00bb background_enable_image=\u00a0\u00bboff\u00a0\u00bb background_size=\u00a0\u00bbcontain\u00a0\u00bb background_position=\u00a0\u00bbcenter_left\u00a0\u00bb z_index=\u00a0\u00bb199&Prime; custom_padding=\u00a0\u00bb11px||11px||false|false\u00a0\u00bb hover_enabled=\u00a0\u00bb0&Prime; global_colors_info=\u00a0\u00bb{}\u00a0\u00bb sticky_enabled=\u00a0\u00bb0&Prime;][et_pb_column type=\u00a0\u00bb4_4&Prime; _builder_version=\u00a0\u00bb4.27.5&Prime; _module_preset=\u00a0\u00bbdefault\u00a0\u00bb background_size=\u00a0\u00bbcontain\u00a0\u00bb background_position=\u00a0\u00bbcenter_left\u00a0\u00bb z_index=\u00a0\u00bb68&Prime; hover_enabled=\u00a0\u00bb0&Prime; global_colors_info=\u00a0\u00bb{}\u00a0\u00bb background_enable_image=\u00a0\u00bboff\u00a0\u00bb sticky_enabled=\u00a0\u00bb0&Prime;][et_pb_text _builder_version=\u00a0\u00bb4.27.5&Prime; _module_preset=\u00a0\u00bbdefault\u00a0\u00bb text_text_color=\u00a0\u00bb#d38538&Prime; text_font_size=\u00a0\u00bb29px\u00a0\u00bb text_font_size_tablet=\u00a0\u00bb29px\u00a0\u00bb text_font_size_phone=\u00a0\u00bb21px\u00a0\u00bb text_font_size_last_edited=\u00a0\u00bbon|phone\u00a0\u00bb global_colors_info=\u00a0\u00bb{}\u00a0\u00bb]<\/p>\n<p><strong>Qui suis-je ?<\/strong><\/p>\n<p>[\/et_pb_text][et_pb_text _builder_version=\u00a0\u00bb4.27.5&Prime; _module_preset=\u00a0\u00bbdefault\u00a0\u00bb width=\u00a0\u00bb100%\u00a0\u00bb custom_margin=\u00a0\u00bb-15px||||false|false\u00a0\u00bb custom_padding=\u00a0\u00bb|||0px||\u00a0\u00bb hover_enabled=\u00a0\u00bb0&Prime; global_colors_info=\u00a0\u00bb{}\u00a0\u00bb sticky_enabled=\u00a0\u00bb0&Prime;]<\/p>\n<p style=\"text-align: justify;\"><img loading=\"lazy\" decoding=\"async\" src=\"https:\/\/escale-sophrologie.fr\/wp-content\/uploads\/2026\/02\/quisuisje2-150x150.png\" width=\"69\" height=\"69\" alt=\"\" class=\"wp-image-353 alignleft size-thumbnail\" \/>Je m\u2019appelle Christelle Maudier et j\u2019exerce en tant que sophrologue professionnelle, dipl\u00f4m\u00e9e du Centre de Formation des Sophrologues Professionnels (CFSP) \u00e0 l\u2019issue de deux ann\u00e9es de formation en pr\u00e9sentiel. Ancienne sapeur-pompier puis enseignante en coll\u00e8ge, mon parcours t\u00e9moigne d\u2019un engagement constant au service de l\u2019humain, m\u00ealant accompagnement, gestion du stress et transmission.<\/p>\n<p>[\/et_pb_text][\/et_pb_column][\/et_pb_row][\/et_pb_section][et_pb_section fb_built=\u00a0\u00bb1&Prime; _builder_version=\u00a0\u00bb4.27.5&Prime; _module_preset=\u00a0\u00bbdefault\u00a0\u00bb custom_padding=\u00a0\u00bb11px||11px||false|false\u00a0\u00bb global_colors_info=\u00a0\u00bb{}\u00a0\u00bb][et_pb_row _builder_version=\u00a0\u00bb4.27.5&Prime; _module_preset=\u00a0\u00bbdefault\u00a0\u00bb custom_padding=\u00a0\u00bb11px||11px||false|false\u00a0\u00bb global_colors_info=\u00a0\u00bb{}\u00a0\u00bb][et_pb_column type=\u00a0\u00bb4_4&Prime; _builder_version=\u00a0\u00bb4.27.5&Prime; _module_preset=\u00a0\u00bbdefault\u00a0\u00bb global_colors_info=\u00a0\u00bb{}\u00a0\u00bb][et_pb_text _builder_version=\u00a0\u00bb4.27.5&Prime; _module_preset=\u00a0\u00bbdefault\u00a0\u00bb text_text_color=\u00a0\u00bb#d38538&Prime; text_font_size=\u00a0\u00bb29px\u00a0\u00bb text_font_size_tablet=\u00a0\u00bb29px\u00a0\u00bb text_font_size_phone=\u00a0\u00bb21px\u00a0\u00bb text_font_size_last_edited=\u00a0\u00bbon|phone\u00a0\u00bb global_colors_info=\u00a0\u00bb{}\u00a0\u00bb]<\/p>\n<p><strong>Un parcours de terrain<\/strong><\/p>\n<p>[\/et_pb_text][et_pb_text _builder_version=\u00a0\u00bb4.27.5&Prime; _module_preset=\u00a0\u00bbdefault\u00a0\u00bb custom_margin=\u00a0\u00bb-15px||||false|false\u00a0\u00bb hover_enabled=\u00a0\u00bb0&Prime; global_colors_info=\u00a0\u00bb{}\u00a0\u00bb sticky_enabled=\u00a0\u00bb0&Prime; content_last_edited=\u00a0\u00bbon|phone\u00a0\u00bb content_tablet=\u00a0\u00bb<\/p>\n<p style=%22text-align: justify;%22><img src=%22https:\/\/escale-sophrologie.fr\/wp-content\/uploads\/2026\/02\/parcoursterrain-300x224.png%22 width=%22106%22 height=%2279%22 alt=%22%22 class=%22wp-image-368 alignleft size-medium%22 \/>Mon exp\u00e9rience de <strong>sapeur-pompier<\/strong> m\u2019a permis de d\u00e9velopper le sang-froid, l\u2019\u00e9coute et la capacit\u00e9 \u00e0 accompagner des personnes en situation de stress ou de vuln\u00e9rabilit\u00e9.<\/p>\n<p style=%22text-align: justify;%22>Mon m\u00e9tier d\u2019<strong>enseignante<\/strong> m\u2019a appris \u00e0 transmettre avec p\u00e9dagogie, patience et clart\u00e9, notamment aupr\u00e8s des adolescents.<\/p>\n<p style=%22text-align: justify;%22>Ces exp\u00e9riences constituent aujourd\u2019hui le socle de ma posture de sophrologue.<\/p>\n<p>\u00a0\u00bb content_phone=\u00a0\u00bb<\/p>\n<p style=%22text-align: justify;%22><img src=%22https:\/\/escale-sophrologie.fr\/wp-content\/uploads\/2026\/02\/parcoursterrain-300x224.png%22 width=%2290%22 height=%2267%22 alt=%22%22 class=%22wp-image-368 alignleft size-medium%22 \/>Mon exp\u00e9rience de <strong>sapeur-pompier<\/strong> m\u2019a permis de d\u00e9velopper le sang-froid, l\u2019\u00e9coute et la capacit\u00e9 \u00e0 accompagner des personnes en situation de stress ou de vuln\u00e9rabilit\u00e9.<\/p>\n<p style=%22text-align: justify;%22>Mon m\u00e9tier d\u2019<strong>enseignante<\/strong> m\u2019a appris \u00e0 transmettre avec p\u00e9dagogie, patience et clart\u00e9, notamment aupr\u00e8s des adolescents.<\/p>\n<p style=%22text-align: justify;%22>Ces exp\u00e9riences constituent aujourd\u2019hui le socle de ma posture de sophrologue.<\/p>\n<p>\u00ab\u00a0]<\/p>\n<p style=\"text-align: justify;\"><img loading=\"lazy\" decoding=\"async\" src=\"https:\/\/escale-sophrologie.fr\/wp-content\/uploads\/2026\/02\/parcoursterrain-300x224.png\" width=\"122\" height=\"91\" alt=\"\" class=\"wp-image-368 alignleft size-medium\" \/>Mon exp\u00e9rience de <strong>sapeur-pompier<\/strong> m\u2019a permis de d\u00e9velopper le sang-froid, l\u2019\u00e9coute et la capacit\u00e9 \u00e0 accompagner des personnes en situation de stress ou de vuln\u00e9rabilit\u00e9.<\/p>\n<p style=\"text-align: justify;\">Mon m\u00e9tier d\u2019<strong>enseignante<\/strong> m\u2019a appris \u00e0 transmettre avec p\u00e9dagogie, patience et clart\u00e9, notamment aupr\u00e8s des adolescents.<\/p>\n<p style=\"text-align: justify;\">Ces exp\u00e9riences constituent aujourd\u2019hui le socle de ma posture de sophrologue.<\/p>\n<p>[\/et_pb_text][\/et_pb_column][\/et_pb_row][\/et_pb_section][et_pb_section fb_built=\u00a0\u00bb1&Prime; _builder_version=\u00a0\u00bb4.27.5&Prime; _module_preset=\u00a0\u00bbdefault\u00a0\u00bb background_color=\u00a0\u00bb#fefaf6&Prime; custom_padding=\u00a0\u00bb11px||11px||false|false\u00a0\u00bb global_colors_info=\u00a0\u00bb{}\u00a0\u00bb][et_pb_row _builder_version=\u00a0\u00bb4.27.5&Prime; _module_preset=\u00a0\u00bbdefault\u00a0\u00bb custom_padding=\u00a0\u00bb11px||11px||false|false\u00a0\u00bb global_colors_info=\u00a0\u00bb{}\u00a0\u00bb][et_pb_column type=\u00a0\u00bb4_4&Prime; _builder_version=\u00a0\u00bb4.27.5&Prime; _module_preset=\u00a0\u00bbdefault\u00a0\u00bb global_colors_info=\u00a0\u00bb{}\u00a0\u00bb][et_pb_text _builder_version=\u00a0\u00bb4.27.5&Prime; _module_preset=\u00a0\u00bbdefault\u00a0\u00bb text_text_color=\u00a0\u00bb#d38538&Prime; text_font_size=\u00a0\u00bb29px\u00a0\u00bb text_font_size_tablet=\u00a0\u00bb29px\u00a0\u00bb text_font_size_phone=\u00a0\u00bb21px\u00a0\u00bb text_font_size_last_edited=\u00a0\u00bbon|phone\u00a0\u00bb global_colors_info=\u00a0\u00bb{}\u00a0\u00bb]<\/p>\n<p><strong>Une formation exigeante et reconnue<\/strong><\/p>\n<p>[\/et_pb_text][et_pb_text _builder_version=\u00a0\u00bb4.27.5&Prime; _module_preset=\u00a0\u00bbdefault\u00a0\u00bb custom_margin=\u00a0\u00bb-15px||||false|false\u00a0\u00bb hover_enabled=\u00a0\u00bb0&Prime; global_colors_info=\u00a0\u00bb{}\u00a0\u00bb sticky_enabled=\u00a0\u00bb0&Prime; content_last_edited=\u00a0\u00bbon|phone\u00a0\u00bb content_tablet=\u00a0\u00bb<\/p>\n<p style=%22text-align: justify;%22><img src=%22https:\/\/escale-sophrologie.fr\/wp-content\/uploads\/2026\/02\/Une-formation-exigeante-et-reconnue-300x251.png%22 width=%22104%22 height=%2287%22 alt=%22%22 class=%22wp-image-373 alignleft size-medium%22 \/>J\u2019ai choisi de me former au <strong>CFSP de Caen<\/strong>, centre reconnu pour la rigueur de son enseignement et son exigence \u00e9thique.<\/p>\n<p style=%22text-align: justify;%22>Cette formation repose sur :<\/p>\n<ul>\n<li style=%22text-align: justify;%22>une pratique encadr\u00e9e et progressive,<\/li>\n<li>un travail approfondi sur la posture professionnelle,<\/li>\n<li>une approche respectueuse de l\u2019exp\u00e9rience v\u00e9cue.<\/li>\n<\/ul>\n<p style=%22text-align: justify;%22>Elle constitue un <strong>gage de s\u00e9rieux et de fiabilit\u00e9<\/strong>.<\/p>\n<p>\u00a0\u00bb content_phone=\u00a0\u00bb<\/p>\n<p style=%22text-align: justify;%22><img src=%22https:\/\/escale-sophrologie.fr\/wp-content\/uploads\/2026\/02\/Une-formation-exigeante-et-reconnue-300x251.png%22 width=%2281%22 height=%2268%22 alt=%22%22 class=%22wp-image-373 alignleft size-medium%22 \/>J\u2019ai choisi de me former au <strong>CFSP de Caen<\/strong>, centre reconnu pour la rigueur de son enseignement et son exigence \u00e9thique.<\/p>\n<p style=%22text-align: justify;%22>Cette formation repose sur :<\/p>\n<ul>\n<li style=%22text-align: justify;%22>une pratique encadr\u00e9e et progressive,<\/li>\n<li>un travail approfondi sur la posture professionnelle,<\/li>\n<li>une approche respectueuse de l\u2019exp\u00e9rience v\u00e9cue.<\/li>\n<\/ul>\n<p style=%22text-align: justify;%22>Elle constitue un <strong>gage de s\u00e9rieux et de fiabilit\u00e9<\/strong>.<\/p>\n<p>\u00ab\u00a0]<\/p>\n<p style=\"text-align: justify;\"><img loading=\"lazy\" decoding=\"async\" src=\"https:\/\/escale-sophrologie.fr\/wp-content\/uploads\/2026\/02\/Une-formation-exigeante-et-reconnue-300x251.png\" width=\"87\" height=\"72\" alt=\"\" class=\"wp-image-373 alignleft size-medium\" \/>J\u2019ai choisi de me former au <strong>CFSP de Caen<\/strong>, centre reconnu pour la rigueur de son enseignement et son exigence \u00e9thique.<\/p>\n<p style=\"text-align: justify;\">Cette formation repose sur :<\/p>\n<ul>\n<li style=\"text-align: justify;\">une pratique encadr\u00e9e et progressive,<\/li>\n<li>un travail approfondi sur la posture professionnelle,<\/li>\n<li>une approche respectueuse de l\u2019exp\u00e9rience v\u00e9cue.<\/li>\n<\/ul>\n<p style=\"text-align: justify;\">Elle constitue un <strong>gage de s\u00e9rieux et de fiabilit\u00e9<\/strong>.<\/p>\n<p>[\/et_pb_text][\/et_pb_column][\/et_pb_row][\/et_pb_section][et_pb_section fb_built=\u00a0\u00bb1&Prime; _builder_version=\u00a0\u00bb4.27.5&Prime; _module_preset=\u00a0\u00bbdefault\u00a0\u00bb custom_padding=\u00a0\u00bb11px||11px||false|false\u00a0\u00bb global_colors_info=\u00a0\u00bb{}\u00a0\u00bb][et_pb_row _builder_version=\u00a0\u00bb4.27.5&Prime; _module_preset=\u00a0\u00bbdefault\u00a0\u00bb custom_padding=\u00a0\u00bb11px||11px|0px|false|false\u00a0\u00bb global_colors_info=\u00a0\u00bb{}\u00a0\u00bb][et_pb_column type=\u00a0\u00bb4_4&Prime; _builder_version=\u00a0\u00bb4.27.5&Prime; _module_preset=\u00a0\u00bbdefault\u00a0\u00bb global_colors_info=\u00a0\u00bb{}\u00a0\u00bb][et_pb_text _builder_version=\u00a0\u00bb4.27.5&Prime; _module_preset=\u00a0\u00bbdefault\u00a0\u00bb text_text_color=\u00a0\u00bb#d38538&Prime; text_font_size=\u00a0\u00bb29px\u00a0\u00bb hover_enabled=\u00a0\u00bb0&Prime; text_font_size_tablet=\u00a0\u00bb29px\u00a0\u00bb text_font_size_phone=\u00a0\u00bb21px\u00a0\u00bb text_font_size_last_edited=\u00a0\u00bbon|phone\u00a0\u00bb global_colors_info=\u00a0\u00bb{}\u00a0\u00bb sticky_enabled=\u00a0\u00bb0&Prime;]<\/p>\n<p><strong>Des sp\u00e9cialisations au service de l\u2019accompagnement<\/strong><\/p>\n<p>[\/et_pb_text][et_pb_text _builder_version=\u00a0\u00bb4.27.5&Prime; _module_preset=\u00a0\u00bbdefault\u00a0\u00bb custom_margin=\u00a0\u00bb-15px||||false|false\u00a0\u00bb hover_enabled=\u00a0\u00bb0&Prime; global_colors_info=\u00a0\u00bb{}\u00a0\u00bb sticky_enabled=\u00a0\u00bb0&Prime;]<\/p>\n<p style=\"text-align: justify;\"><img loading=\"lazy\" decoding=\"async\" src=\"https:\/\/escale-sophrologie.fr\/wp-content\/uploads\/2026\/02\/Des-specialisations-au-service-de-laccompagnement-300x258.png\" width=\"79\" height=\"68\" alt=\"\" class=\"wp-image-380 alignleft size-medium\" \/><\/p>\n<p style=\"text-align: justify;\">Ma pratique est enrichie par des formations compl\u00e9mentaires :<\/p>\n<ul>\n<li>sophrologie et sommeil,<\/li>\n<li>sophrologie et douleurs,<\/li>\n<li>risques psychosociaux,<\/li>\n<li>p\u00e9dagogie,<\/li>\n<li>intervention en entreprise.<\/li>\n<\/ul>\n<p>Ces sp\u00e9cialisations me permettent d\u2019adapter l\u2019accompagnement \u00e0 des publics vari\u00e9s.<\/p>\n<p>[\/et_pb_text][\/et_pb_column][\/et_pb_row][\/et_pb_section][et_pb_section fb_built=\u00a0\u00bb1&Prime; _builder_version=\u00a0\u00bb4.27.5&Prime; _module_preset=\u00a0\u00bbdefault\u00a0\u00bb background_color=\u00a0\u00bb#fefaf6&Prime; custom_padding=\u00a0\u00bb11px||11px||false|false\u00a0\u00bb global_colors_info=\u00a0\u00bb{}\u00a0\u00bb][et_pb_row _builder_version=\u00a0\u00bb4.27.5&Prime; _module_preset=\u00a0\u00bbdefault\u00a0\u00bb custom_padding=\u00a0\u00bb11px||11px||false|false\u00a0\u00bb global_colors_info=\u00a0\u00bb{}\u00a0\u00bb][et_pb_column type=\u00a0\u00bb4_4&Prime; _builder_version=\u00a0\u00bb4.27.5&Prime; _module_preset=\u00a0\u00bbdefault\u00a0\u00bb global_colors_info=\u00a0\u00bb{}\u00a0\u00bb][et_pb_text _builder_version=\u00a0\u00bb4.27.5&Prime; _module_preset=\u00a0\u00bbdefault\u00a0\u00bb text_text_color=\u00a0\u00bb#d38538&Prime; text_font_size=\u00a0\u00bb29px\u00a0\u00bb text_font_size_tablet=\u00a0\u00bb29px\u00a0\u00bb text_font_size_phone=\u00a0\u00bb21px\u00a0\u00bb text_font_size_last_edited=\u00a0\u00bbon|phone\u00a0\u00bb global_colors_info=\u00a0\u00bb{}\u00a0\u00bb]<\/p>\n<p><strong>S\u00e9curit\u00e9 et responsabilit\u00e9<\/strong><\/p>\n<p>[\/et_pb_text][et_pb_text _builder_version=\u00a0\u00bb4.27.5&Prime; _module_preset=\u00a0\u00bbdefault\u00a0\u00bb custom_margin=\u00a0\u00bb-15px||||false|false\u00a0\u00bb hover_enabled=\u00a0\u00bb0&Prime; global_colors_info=\u00a0\u00bb{}\u00a0\u00bb sticky_enabled=\u00a0\u00bb0&Prime;]<\/p>\n<p style=\"text-align: justify;\"><img loading=\"lazy\" decoding=\"async\" src=\"https:\/\/escale-sophrologie.fr\/wp-content\/uploads\/2026\/02\/Securite-et-responsabilite-300x254.png\" width=\"74\" height=\"63\" alt=\"\" class=\"wp-image-385 alignleft size-medium\" \/><\/p>\n<p style=\"text-align: justify;\">Je suis \u00e9galement :<\/p>\n<p style=\"text-align: justify;\">\n<ul style=\"text-align: justify;\">\n<li><strong>formatrice PSC1<\/strong>,<\/li>\n<li>form\u00e9e aux <strong>Premiers Secours en Sant\u00e9 Mentale (PSSM)<\/strong>.<\/li>\n<\/ul>\n<p style=\"text-align: justify;\">Ces comp\u00e9tences renforcent une pratique s\u00e9curis\u00e9e, notamment aupr\u00e8s des <strong>personnes \u00e2g\u00e9es<\/strong>, des <strong>adolescents<\/strong> et des publics fragilis\u00e9s.<\/p>\n<p>[\/et_pb_text][\/et_pb_column][\/et_pb_row][\/et_pb_section][et_pb_section fb_built=\u00a0\u00bb1&Prime; _builder_version=\u00a0\u00bb4.27.5&Prime; _module_preset=\u00a0\u00bbdefault\u00a0\u00bb custom_padding=\u00a0\u00bb11px||11px||false|false\u00a0\u00bb global_colors_info=\u00a0\u00bb{}\u00a0\u00bb][et_pb_row _builder_version=\u00a0\u00bb4.27.5&Prime; _module_preset=\u00a0\u00bbdefault\u00a0\u00bb custom_padding=\u00a0\u00bb11px||11px||false|false\u00a0\u00bb global_colors_info=\u00a0\u00bb{}\u00a0\u00bb][et_pb_column type=\u00a0\u00bb4_4&Prime; _builder_version=\u00a0\u00bb4.27.5&Prime; _module_preset=\u00a0\u00bbdefault\u00a0\u00bb global_colors_info=\u00a0\u00bb{}\u00a0\u00bb][et_pb_text _builder_version=\u00a0\u00bb4.27.5&Prime; _module_preset=\u00a0\u00bbdefault\u00a0\u00bb text_text_color=\u00a0\u00bb#d38538&Prime; text_font_size=\u00a0\u00bb29px\u00a0\u00bb text_font_size_tablet=\u00a0\u00bb29px\u00a0\u00bb text_font_size_phone=\u00a0\u00bb21px\u00a0\u00bb text_font_size_last_edited=\u00a0\u00bbon|phone\u00a0\u00bb global_colors_info=\u00a0\u00bb{}\u00a0\u00bb]<\/p>\n<p><strong>Ma posture de sophrologue<\/strong><\/p>\n<p>[\/et_pb_text][et_pb_text _builder_version=\u00a0\u00bb4.27.5&Prime; _module_preset=\u00a0\u00bbdefault\u00a0\u00bb custom_margin=\u00a0\u00bb-15px||||false|false\u00a0\u00bb global_colors_info=\u00a0\u00bb{}\u00a0\u00bb]<\/p>\n<p style=\"text-align: justify;\">Mon accompagnement est <strong>non th\u00e9rapeutique<\/strong>, respectueux du cadre \u00e9thique et des limites professionnelles.<\/p>\n<p style=\"text-align: justify;\">Je m\u2019inscris dans une approche inspir\u00e9e de la <strong>ph\u00e9nom\u00e9nologie<\/strong>, attentive \u00e0 l\u2019exp\u00e9rience v\u00e9cue, sans interpr\u00e9tation ni jugement, avec pour objectif l\u2019autonomie de la personne.<\/p>\n<p>[\/et_pb_text][\/et_pb_column][\/et_pb_row][\/et_pb_section][et_pb_section fb_built=\u00a0\u00bb1&Prime; _builder_version=\u00a0\u00bb4.27.5&Prime; _module_preset=\u00a0\u00bbdefault\u00a0\u00bb background_color=\u00a0\u00bb#fefaf6&Prime; custom_padding=\u00a0\u00bb11px||11px||false|false\u00a0\u00bb global_colors_info=\u00a0\u00bb{}\u00a0\u00bb][et_pb_row _builder_version=\u00a0\u00bb4.27.5&Prime; _module_preset=\u00a0\u00bbdefault\u00a0\u00bb custom_padding=\u00a0\u00bb11px||11px||false|false\u00a0\u00bb global_colors_info=\u00a0\u00bb{}\u00a0\u00bb][et_pb_column type=\u00a0\u00bb4_4&Prime; _builder_version=\u00a0\u00bb4.27.5&Prime; _module_preset=\u00a0\u00bbdefault\u00a0\u00bb global_colors_info=\u00a0\u00bb{}\u00a0\u00bb][et_pb_text _builder_version=\u00a0\u00bb4.27.5&Prime; _module_preset=\u00a0\u00bbdefault\u00a0\u00bb text_text_color=\u00a0\u00bb#d38538&Prime; text_font_size=\u00a0\u00bb29px\u00a0\u00bb text_font_size_tablet=\u00a0\u00bb29px\u00a0\u00bb text_font_size_phone=\u00a0\u00bb21px\u00a0\u00bb text_font_size_last_edited=\u00a0\u00bbon|phone\u00a0\u00bb global_colors_info=\u00a0\u00bb{}\u00a0\u00bb]<\/p>\n<p><strong>Une pratique humaine et engag\u00e9e<\/strong><\/p>\n<p>[\/et_pb_text][et_pb_text _builder_version=\u00a0\u00bb4.27.5&Prime; _module_preset=\u00a0\u00bbdefault\u00a0\u00bb custom_margin=\u00a0\u00bb-15px||||false|false\u00a0\u00bb global_colors_info=\u00a0\u00bb{}\u00a0\u00bb]<\/p>\n<p style=\"text-align: justify;\">Je con\u00e7ois la sophrologie comme un temps pour se poser, se recentrer et mobiliser ses ressources, dans un cadre s\u00e9curisant et bienveillant.<\/p>\n<p>[\/et_pb_text][\/et_pb_column][\/et_pb_row][\/et_pb_section]<\/p>\n","protected":false},"excerpt":{"rendered":"<p>Qui suis-je ?Je m\u2019appelle Christelle Maudier et j\u2019exerce en tant que sophrologue professionnelle, dipl\u00f4m\u00e9e du Centre de Formation des Sophrologues Professionnels (CFSP) \u00e0 l\u2019issue de deux ann\u00e9es de formation en pr\u00e9sentiel. Ancienne sapeur-pompier puis enseignante en coll\u00e8ge, mon parcours t\u00e9moigne d\u2019un engagement constant au service de l\u2019humain, m\u00ealant accompagnement, gestion du stress et transmission.Un parcours [&hellip;]<\/p>\n","protected":false},"author":1,"featured_media":0,"parent":0,"menu_order":0,"comment_status":"closed","ping_status":"closed","template":"","meta":{"_et_pb_use_builder":"on","_et_pb_old_content":"","_et_gb_content_width":"","footnotes":""},"class_list":["post-240","page","type-page","status-publish","hentry"],"_links":{"self":[{"href":"https:\/\/escale-sophrologie.fr\/index.php\/wp-json\/wp\/v2\/pages\/240","targetHints":{"allow":["GET"]}}],"collection":[{"href":"https:\/\/escale-sophrologie.fr\/index.php\/wp-json\/wp\/v2\/pages"}],"about":[{"href":"https:\/\/escale-sophrologie.fr\/index.php\/wp-json\/wp\/v2\/types\/page"}],"author":[{"embeddable":true,"href":"https:\/\/escale-sophrologie.fr\/index.php\/wp-json\/wp\/v2\/users\/1"}],"replies":[{"embeddable":true,"href":"https:\/\/escale-sophrologie.fr\/index.php\/wp-json\/wp\/v2\/comments?post=240"}],"version-history":[{"count":25,"href":"https:\/\/escale-sophrologie.fr\/index.php\/wp-json\/wp\/v2\/pages\/240\/revisions"}],"predecessor-version":[{"id":389,"href":"https:\/\/escale-sophrologie.fr\/index.php\/wp-json\/wp\/v2\/pages\/240\/revisions\/389"}],"wp:attachment":[{"href":"https:\/\/escale-sophrologie.fr\/index.php\/wp-json\/wp\/v2\/media?parent=240"}],"curies":[{"name":"wp","href":"https:\/\/api.w.org\/{rel}","templated":true}]}}